{"id":587,"date":"2021-11-03T01:07:35","date_gmt":"2021-11-03T00:07:35","guid":{"rendered":"https:\/\/avecchristine.fr\/?page_id=587"},"modified":"2022-05-23T18:30:29","modified_gmt":"2022-05-23T16:30:29","slug":"legislatives-2022-quitterie-de-villepin","status":"publish","type":"page","link":"https:\/\/avecchristine.fr\/?page_id=587","title":{"rendered":"L\u00e9gislatives 2022"},"content":{"rendered":"\n<ul class=\"wp-block-list\"><li>1<sup>er<\/sup> tour : dimanche 12 juin 2022<\/li><li>2<sup>nd<\/sup> tour : dimanche 19 juin 2022<\/li><\/ul>\n\n\n\n<h2 class=\"wp-block-heading\">Procuration<\/h2>\n\n\n\n<p>Gr\u00e2ce \u00e0 la procuration, prenez part au vote malgr\u00e9 un emp\u00eachement&nbsp;!<\/p>\n\n\n\n<p>Avez-vous d\u00e9j\u00e0 <strong>une personne de confiance<\/strong> \u00e0 qui confier votre procuration\u00a0?<\/p>\n\n\n\n<p>Demandez-lui les infos n\u00e9cessaires (date de naissance et num\u00e9ro national d&rsquo;\u00e9lecteur qu&rsquo;elle peut <a href=\"https:\/\/www.service-public.fr\/particuliers\/vosdroits\/services-en-ligne-et-formulaires\/ISE\" target=\"_blank\" rel=\"noreferrer noopener\">trouver ici<\/a> \u00e0 partir de son \u00e9tat civil complet), puis rendez-vous sur le <a href=\"https:\/\/www.maprocuration.gouv.fr\/\" target=\"_blank\" rel=\"noreferrer noopener\">site officiel<\/a> pour les procurations.<\/p>\n\n\n\n<h2 class=\"wp-block-heading\" id=\"qui-peut-voter\">Qui peut voter ?&nbsp;<\/h2>\n\n\n\n<p>Il suffit de remplir les 3 conditions suivantes :&nbsp;<\/p>\n\n\n\n<ul class=\"wp-block-list\"><li>avoir 18 ans au plus tard la veille du scrutin<\/li><li>\u00eatre de nationalit\u00e9 fran\u00e7aise<\/li><li>jouir de ses droits civils et politiques.&nbsp;<\/li><\/ul>\n\n\n\n<p>Pr\u00e9cision pour les jeunes de la circonscription : si vous atteignez la majorit\u00e9 entre le 12 et le 18 juin, vous pourrez voter au 2<sup>nd<\/sup> tour.<\/p>\n\n\n\n<p>Bon \u00e0 savoir : \u00e0 18 ans, l&rsquo;inscription est automatique si, et uniquement si, les formalit\u00e9s de recensement ont \u00e9t\u00e9 accomplies \u00e0 16 ans.<\/p>\n\n\n\n<h2 class=\"wp-block-heading\"><\/h2>\n\n\n\n<h3 class=\"wp-block-heading\"><\/h3>\n\n\n\n<p><\/p>\n\n\n\n<p><\/p>\n\n\n\n<p><a href=\"https:\/\/www.service-public.fr\/particuliers\/vosdroits\/services-en-ligne-et-formulaires\/ISE\" target=\"_blank\" rel=\"noreferrer noopener\">V\u00e9rifier votre inscription<\/a> (service-public.fr)<\/p>\n\n\n\n<p><\/p>\n\n\n\n<p><\/p>\n\n\n\n<p><\/p>\n\n\n\n<p><\/p>\n","protected":false},"excerpt":{"rendered":"<p>1er tour : dimanche 12 juin 2022 2nd tour : dimanche 19 juin 2022 Procuration Gr\u00e2ce \u00e0 la procuration, prenez part au vote malgr\u00e9 un emp\u00eachement&nbsp;! Avez-vous d\u00e9j\u00e0 une personne de confiance \u00e0 qui confier votre procuration\u00a0? Demandez-lui les infos n\u00e9cessaires (date de naissance et num\u00e9ro national d&rsquo;\u00e9lecteur qu&rsquo;elle peut trouver ici \u00e0 partir de&hellip; <a class=\"more-link\" href=\"https:\/\/avecchristine.fr\/?page_id=587\">Poursuivre la lecture <span class=\"screen-reader-text\">L\u00e9gislatives 2022<\/span><\/a><\/p>\n","protected":false},"author":13,"featured_media":0,"parent":0,"menu_order":0,"comment_status":"closed","ping_status":"closed","template":"","meta":{"footnotes":""},"class_list":["post-587","page","type-page","status-publish","hentry","entry"],"yoast_head":"<!-- This site is optimized with the Yoast SEO plugin v27.4 - https:\/\/yoast.com\/product\/yoast-seo-wordpress\/ -->\n<title>L\u00e9gislatives 2022 - Avec christine<\/title>\n<meta name=\"description\" content=\"Comment voter Quitterie de Villepin aux l\u00e9gislatives 2022 dans la deuxi\u00e8me circonscription de Paris, 5\u00e8me, 6\u00e8me, 7\u00e8me arrondissements\" \/>\n<meta name=\"robots\" content=\"index, follow, max-snippet:-1, max-image-preview:large, max-video-preview:-1\" \/>\n<link rel=\"canonical\" href=\"https:\/\/avecchristine.fr\/?page_id=587\" \/>\n<meta property=\"og:locale\" content=\"fr_FR\" \/>\n<meta property=\"og:type\" content=\"article\" \/>\n<meta property=\"og:title\" content=\"L\u00e9gislatives 2022 - Avec christine\" \/>\n<meta property=\"og:description\" content=\"Comment voter Quitterie de Villepin aux l\u00e9gislatives 2022 dans la deuxi\u00e8me circonscription de Paris, 5\u00e8me, 6\u00e8me, 7\u00e8me arrondissements\" \/>\n<meta property=\"og:url\" content=\"https:\/\/avecchristine.fr\/?page_id=587\" \/>\n<meta property=\"og:site_name\" content=\"Avec christine\" \/>\n<meta property=\"article:publisher\" content=\"https:\/\/www.facebook.com\/QuitteriedeVillepin\/\" \/>\n<meta property=\"article:modified_time\" content=\"2022-05-23T16:30:29+00:00\" \/>\n<meta property=\"og:image\" content=\"https:\/\/avecchristine.fr\/wp-content\/uploads\/2021\/11\/quitterie-flyer-2021-10-rue-paysage.jpg\" \/>\n\t<meta property=\"og:image:width\" content=\"555\" \/>\n\t<meta property=\"og:image:height\" content=\"377\" \/>\n\t<meta property=\"og:image:type\" content=\"image\/jpeg\" \/>\n<meta name=\"twitter:card\" content=\"summary_large_image\" \/>\n<meta name=\"twitter:site\" content=\"@Quitt3rie\" \/>\n<meta name=\"twitter:label1\" content=\"Dur\u00e9e de lecture estim\u00e9e\" \/>\n\t<meta name=\"twitter:data1\" content=\"1 minute\" \/>\n<script type=\"application\/ld+json\" class=\"yoast-schema-graph\">{\"@context\":\"https:\\\/\\\/schema.org\",\"@graph\":[{\"@type\":\"WebPage\",\"@id\":\"https:\\\/\\\/avecchristine.fr\\\/?page_id=587\",\"url\":\"https:\\\/\\\/avecchristine.fr\\\/?page_id=587\",\"name\":\"L\u00e9gislatives 2022 - Avec christine\",\"isPartOf\":{\"@id\":\"https:\\\/\\\/avecchristine.fr\\\/#website\"},\"datePublished\":\"2021-11-03T00:07:35+00:00\",\"dateModified\":\"2022-05-23T16:30:29+00:00\",\"description\":\"Comment voter Quitterie de Villepin aux l\u00e9gislatives 2022 dans la deuxi\u00e8me circonscription de Paris, 5\u00e8me, 6\u00e8me, 7\u00e8me arrondissements\",\"breadcrumb\":{\"@id\":\"https:\\\/\\\/avecchristine.fr\\\/?page_id=587#breadcrumb\"},\"inLanguage\":\"fr-FR\",\"potentialAction\":[{\"@type\":\"ReadAction\",\"target\":[\"https:\\\/\\\/avecchristine.fr\\\/?page_id=587\"]}]},{\"@type\":\"BreadcrumbList\",\"@id\":\"https:\\\/\\\/avecchristine.fr\\\/?page_id=587#breadcrumb\",\"itemListElement\":[{\"@type\":\"ListItem\",\"position\":1,\"name\":\"Accueil\",\"item\":\"https:\\\/\\\/avecchristine.fr\\\/\"},{\"@type\":\"ListItem\",\"position\":2,\"name\":\"L\u00e9gislatives 2022\"}]},{\"@type\":\"WebSite\",\"@id\":\"https:\\\/\\\/avecchristine.fr\\\/#website\",\"url\":\"https:\\\/\\\/avecchristine.fr\\\/\",\"name\":\"Avec christine\",\"description\":\"Et si on y allait\",\"potentialAction\":[{\"@type\":\"SearchAction\",\"target\":{\"@type\":\"EntryPoint\",\"urlTemplate\":\"https:\\\/\\\/avecchristine.fr\\\/?s={search_term_string}\"},\"query-input\":{\"@type\":\"PropertyValueSpecification\",\"valueRequired\":true,\"valueName\":\"search_term_string\"}}],\"inLanguage\":\"fr-FR\"}]}<\/script>\n<!-- \/ Yoast SEO plugin. -->","yoast_head_json":{"title":"L\u00e9gislatives 2022 - Avec christine","description":"Comment voter Quitterie de Villepin aux l\u00e9gislatives 2022 dans la deuxi\u00e8me circonscription de Paris, 5\u00e8me, 6\u00e8me, 7\u00e8me arrondissements","robots":{"index":"index","follow":"follow","max-snippet":"max-snippet:-1","max-image-preview":"max-image-preview:large","max-video-preview":"max-video-preview:-1"},"canonical":"https:\/\/avecchristine.fr\/?page_id=587","og_locale":"fr_FR","og_type":"article","og_title":"L\u00e9gislatives 2022 - Avec christine","og_description":"Comment voter Quitterie de Villepin aux l\u00e9gislatives 2022 dans la deuxi\u00e8me circonscription de Paris, 5\u00e8me, 6\u00e8me, 7\u00e8me arrondissements","og_url":"https:\/\/avecchristine.fr\/?page_id=587","og_site_name":"Avec christine","article_publisher":"https:\/\/www.facebook.com\/QuitteriedeVillepin\/","article_modified_time":"2022-05-23T16:30:29+00:00","og_image":[{"width":555,"height":377,"url":"https:\/\/avecchristine.fr\/wp-content\/uploads\/2021\/11\/quitterie-flyer-2021-10-rue-paysage.jpg","type":"image\/jpeg"}],"twitter_card":"summary_large_image","twitter_site":"@Quitt3rie","twitter_misc":{"Dur\u00e9e de lecture estim\u00e9e":"1 minute"},"schema":{"@context":"https:\/\/schema.org","@graph":[{"@type":"WebPage","@id":"https:\/\/avecchristine.fr\/?page_id=587","url":"https:\/\/avecchristine.fr\/?page_id=587","name":"L\u00e9gislatives 2022 - Avec christine","isPartOf":{"@id":"https:\/\/avecchristine.fr\/#website"},"datePublished":"2021-11-03T00:07:35+00:00","dateModified":"2022-05-23T16:30:29+00:00","description":"Comment voter Quitterie de Villepin aux l\u00e9gislatives 2022 dans la deuxi\u00e8me circonscription de Paris, 5\u00e8me, 6\u00e8me, 7\u00e8me arrondissements","breadcrumb":{"@id":"https:\/\/avecchristine.fr\/?page_id=587#breadcrumb"},"inLanguage":"fr-FR","potentialAction":[{"@type":"ReadAction","target":["https:\/\/avecchristine.fr\/?page_id=587"]}]},{"@type":"BreadcrumbList","@id":"https:\/\/avecchristine.fr\/?page_id=587#breadcrumb","itemListElement":[{"@type":"ListItem","position":1,"name":"Accueil","item":"https:\/\/avecchristine.fr\/"},{"@type":"ListItem","position":2,"name":"L\u00e9gislatives 2022"}]},{"@type":"WebSite","@id":"https:\/\/avecchristine.fr\/#website","url":"https:\/\/avecchristine.fr\/","name":"Avec christine","description":"Et si on y allait","potentialAction":[{"@type":"SearchAction","target":{"@type":"EntryPoint","urlTemplate":"https:\/\/avecchristine.fr\/?s={search_term_string}"},"query-input":{"@type":"PropertyValueSpecification","valueRequired":true,"valueName":"search_term_string"}}],"inLanguage":"fr-FR"}]}},"_links":{"self":[{"href":"https:\/\/avecchristine.fr\/index.php?rest_route=\/wp\/v2\/pages\/587","targetHints":{"allow":["GET"]}}],"collection":[{"href":"https:\/\/avecchristine.fr\/index.php?rest_route=\/wp\/v2\/pages"}],"about":[{"href":"https:\/\/avecchristine.fr\/index.php?rest_route=\/wp\/v2\/types\/page"}],"author":[{"embeddable":true,"href":"https:\/\/avecchristine.fr\/index.php?rest_route=\/wp\/v2\/users\/13"}],"replies":[{"embeddable":true,"href":"https:\/\/avecchristine.fr\/index.php?rest_route=%2Fwp%2Fv2%2Fcomments&post=587"}],"version-history":[{"count":20,"href":"https:\/\/avecchristine.fr\/index.php?rest_route=\/wp\/v2\/pages\/587\/revisions"}],"predecessor-version":[{"id":2385,"href":"https:\/\/avecchristine.fr\/index.php?rest_route=\/wp\/v2\/pages\/587\/revisions\/2385"}],"wp:attachment":[{"href":"https:\/\/avecchristine.fr\/index.php?rest_route=%2Fwp%2Fv2%2Fmedia&parent=587"}],"curies":[{"name":"wp","href":"https:\/\/api.w.org\/{rel}","templated":true}]}}