{"id":2,"date":"2021-10-24T22:40:30","date_gmt":"2021-10-24T20:40:30","guid":{"rendered":"https:\/\/avecchristine.fr\/?page_id=2"},"modified":"2022-05-31T22:09:59","modified_gmt":"2022-05-31T20:09:59","slug":"quitterie-de-villepin-elections-legislatives-20","status":"publish","type":"page","link":"https:\/\/avecchristine.fr\/","title":{"rendered":"Accueil"},"content":{"rendered":"\n<div class=\"wp-block-group alignfull\"><div class=\"wp-block-group__inner-container is-layout-flow wp-block-group-is-layout-flow\">\n<p class=\"has-text-align-center\" id=\"actualite-bandeau\"><\/p>\n<\/div><\/div>\n\n\n\n<div class=\"wp-block-columns alignfull is-layout-flex wp-container-core-columns-is-layout-9d6595d7 wp-block-columns-is-layout-flex\">\n<div class=\"wp-block-column is-layout-flow wp-block-column-is-layout-flow\">\n<div class=\"wp-block-cover\" style=\"min-height:650px;aspect-ratio:unset;\"><span aria-hidden=\"true\" class=\"wp-block-cover__background has-background-dim-0 has-background-dim\" style=\"background-color:#3b6f57\"><\/span><img loading=\"lazy\" decoding=\"async\" width=\"2560\" height=\"1831\" class=\"wp-block-cover__image-background wp-image-2343\" alt=\"\" src=\"https:\/\/avecchristine.fr\/wp-content\/uploads\/2022\/05\/CM_officiel_HD_IMG_3584-scaled.jpg\" data-object-fit=\"cover\" srcset=\"https:\/\/avecchristine.fr\/wp-content\/uploads\/2022\/05\/CM_officiel_HD_IMG_3584-scaled.jpg 2560w, https:\/\/avecchristine.fr\/wp-content\/uploads\/2022\/05\/CM_officiel_HD_IMG_3584-300x215.jpg 300w, https:\/\/avecchristine.fr\/wp-content\/uploads\/2022\/05\/CM_officiel_HD_IMG_3584-1024x732.jpg 1024w, https:\/\/avecchristine.fr\/wp-content\/uploads\/2022\/05\/CM_officiel_HD_IMG_3584-768x549.jpg 768w, https:\/\/avecchristine.fr\/wp-content\/uploads\/2022\/05\/CM_officiel_HD_IMG_3584-1536x1099.jpg 1536w, https:\/\/avecchristine.fr\/wp-content\/uploads\/2022\/05\/CM_officiel_HD_IMG_3584-2048x1465.jpg 2048w, https:\/\/avecchristine.fr\/wp-content\/uploads\/2022\/05\/CM_officiel_HD_IMG_3584-1568x1122.jpg 1568w\" sizes=\"auto, (max-width: 2560px) 100vw, 2560px\" \/><div class=\"wp-block-cover__inner-container is-layout-flow wp-block-cover-is-layout-flow\">\n<p class=\"has-text-align-center has-large-font-size\"><\/p>\n<\/div><\/div>\n<\/div>\n<\/div>\n\n\n\n<div class=\"wp-block-columns alignwide is-style-default is-layout-flex wp-container-core-columns-is-layout-9d6595d7 wp-block-columns-is-layout-flex\">\n<div class=\"wp-block-column offset-col-high has-white-background-color has-background is-layout-flow wp-block-column-is-layout-flow\" style=\"padding-top:0px;flex-basis:66.66%\" id=\"heureuse\">\n<h2 class=\"wp-block-heading\" id=\"ensemble-a-l-assemblee-nationale\"><strong>Ensemble \u00e0 l\u2019Assembl\u00e9e nationale<\/strong><\/h2>\n\n\n\n<p>Je suis candidate aux \u00e9lections l\u00e9gislatives de juin prochain dans notre circonscription, la 3\u00e8me de Paris. <strong>Cette mandature, c&rsquo;est aussi la v\u00f4tre, la n\u00f4tre.<\/strong><\/p>\n\n\n\n<p>\u0152uvrons ensemble \u00e0 <strong>b\u00e2tir de nouvelles relations entre les \u00e9lus de la R\u00e9publique et les habitants des 17 et 18\u00e8me arrondissements<\/strong>. Redonnons de la <strong>puissance au Parlement par l&rsquo;expression de voix libres et ind\u00e9pendantes, l\u00e9gitim\u00e9es par la participation tout au long du mandat.<\/strong><\/p>\n\n\n\n<p>Avec plus de 190 autres pays, la France a d\u00e9fini 5 enjeux majeurs : les \u00ab\u00a05P\u00a0\u00bb : les <strong>Peuples, la Plan\u00e8te, la Prosp\u00e9rit\u00e9, la Paix et le Partenariat<\/strong> et 17 objectifs de d\u00e9veloppement durable (ODD) pour y r\u00e9pondre. <strong>Tra\u00e7ons une voie en alliant nos voix pour relever ces d\u00e9fis d&rsquo;aujourd&rsquo;hui et de demain<\/strong>.<\/p>\n\n\n\n<p>C&rsquo;est dans cet esprit transpartisan et autour de ces axes que je vous propose de travailler ensemble \u00e0 la <strong>r\u00e9g\u00e9n<\/strong>\u00e9ration de no<strong>tre d\u00e9mocratie et \u00e0 la simplification de ses normes<\/strong>.<\/p>\n\n\n\n<p>Nous, entreprises, associations, habitantes et habitants&#8230;sommes capables par notre mobilisation, celles de nos intelligences et le partage de nos connaissances, comp\u00e9tences et exp\u00e9riences tout au long du mandat de proposer et d&rsquo;agir pour que prennent corps les objectifs sur lesquels la France s&rsquo;est engag\u00e9e.<\/p>\n\n\n\n<p>Partageons les informations, \u00e9coutons ce que chacune et chacun souhaite exprimer, \u00e9changeons, d\u00e9battons, grandissons et <strong>agissons ensemble afin que les r\u00e9alit\u00e9s et la diversit\u00e9 du terrain se retrouvent jusque dans nos lois<\/strong> .<\/p>\n\n\n\n<p>C&rsquo;est cette <strong>d\u00e9mocratie vivante, anim\u00e9e et \u00e9clair\u00e9e<\/strong> \u00e0 laquelle je me propose de me consacrer \u00e0 vos c\u00f4t\u00e9s durant les cinq prochaines ann\u00e9es.<\/p>\n\n\n\n<p><\/p>\n\n\n\n<p><\/p>\n\n\n\n<p><\/p>\n\n\n\n<p><\/p>\n\n\n\n<p><\/p>\n\n\n\n<p><\/p>\n\n\n\n<p><\/p>\n\n\n\n<p><\/p>\n\n\n\n<p><\/p>\n\n\n\n<p><\/p>\n\n\n<div class=\"wp-block-image\">\n<figure class=\"alignright size-large\"><img loading=\"lazy\" decoding=\"async\" width=\"1024\" height=\"342\" src=\"https:\/\/avecchristine.fr\/wp-content\/uploads\/2022\/05\/ChristineMichaletRecadree-1024x342.png\" alt=\"\" class=\"wp-image-2330\" srcset=\"https:\/\/avecchristine.fr\/wp-content\/uploads\/2022\/05\/ChristineMichaletRecadree-1024x342.png 1024w, https:\/\/avecchristine.fr\/wp-content\/uploads\/2022\/05\/ChristineMichaletRecadree-300x100.png 300w, https:\/\/avecchristine.fr\/wp-content\/uploads\/2022\/05\/ChristineMichaletRecadree-768x256.png 768w, https:\/\/avecchristine.fr\/wp-content\/uploads\/2022\/05\/ChristineMichaletRecadree-1536x513.png 1536w, https:\/\/avecchristine.fr\/wp-content\/uploads\/2022\/05\/ChristineMichaletRecadree-1568x524.png 1568w, https:\/\/avecchristine.fr\/wp-content\/uploads\/2022\/05\/ChristineMichaletRecadree.png 1770w\" sizes=\"auto, (max-width: 1024px) 100vw, 1024px\" \/><\/figure>\n<\/div>\n\n\n<p><\/p>\n\n\n\n<p class=\"lien-pourquois\"><\/p>\n<\/div>\n\n\n\n<div class=\"wp-block-column is-layout-flow wp-block-column-is-layout-flow\" style=\"flex-basis:33.33%\" id=\"newsletter-form\">\n<h3 class=\"wp-block-heading\" id=\"newsletter\"><\/h3>\n\n\n\n<p><\/p>\n<\/div>\n<\/div>\n\n\n\n<div class=\"wp-block-group alignfull has-white-color has-text-color has-background\" id=\"trois-piliers\" style=\"background-color:#303445\"><div class=\"wp-block-group__inner-container is-layout-flow wp-block-group-is-layout-flow\">\n<div class=\"wp-block-columns alignwide is-layout-flex wp-container-core-columns-is-layout-9d6595d7 wp-block-columns-is-layout-flex\">\n<div class=\"wp-block-column is-layout-flow wp-block-column-is-layout-flow\">\n<h3 class=\"wp-block-heading\" id=\"une-boussole\">Une boussole<\/h3>\n\n\n\n<h4 class=\"wp-block-heading\" id=\"les-objectifs-de-developpement-durable-2030-et-l-accord-de-paris-sur-le-climat\">Les Objectifs de D\u00e9veloppement Durable 2030 et l&rsquo;Accord de Paris sur le climat<\/h4>\n\n\n\n<p>Les 17 ODD couvrent les grands d\u00e9fis actuels : lutte contre la pauvret\u00e9, sant\u00e9 et bien-\u00eatre, \u00e9ducation, \u00e9galit\u00e9 entre les sexes, respect de nos terres et oc\u00e9ans, protection de la biodiversit\u00e9, d\u00e9veloppement industriel, villes, justice, paix\u2026 Ils ont \u00e9t\u00e9 adopt\u00e9s en 2015 par l&rsquo;ensemble des \u00c9tats Membres de l&rsquo;ONU, soit 193 pays signataires. Un exploit diplomatique. <\/p>\n<\/div>\n\n\n\n<div class=\"wp-block-column is-layout-flow wp-block-column-is-layout-flow\">\n<h3 class=\"wp-block-heading\" id=\"une-methode\">Une m\u00e9thode<\/h3>\n\n\n\n<h4 class=\"wp-block-heading\" id=\"l-assemblee-locale-deliberative\">L\u2019agora locale <\/h4>\n\n\n\n<p>La d\u00e9lib\u00e9ration, le d\u00e9bat remettent les citoyennes et citoyens au centre de la d\u00e9cision politique. Elles reposent sur l\u2019\u00e9coute mutuelle, le respect, la r\u00e9flexion et la prise en compte de diff\u00e9rents types de connaissances, d\u2019exp\u00e9riences et de r\u00e9cits. L\u2019Agora locale permet aux personnes d\u2019\u00e9changer autour des affaires publiques qui les concernent et l\u2019enrichissement des points de vue am\u00e9liore la qualit\u00e9 des d\u00e9cisions prises, comme les relations sociales. Elle renforce notre autonomie,notre libert\u00e9 de choix et redonne vie \u00e0 la d\u00e9mocratie.&nbsp;<\/p>\n<\/div>\n\n\n\n<div class=\"wp-block-column is-layout-flow wp-block-column-is-layout-flow\">\n<h3 class=\"wp-block-heading\" id=\"une-ambition\">Une ambition<\/h3>\n\n\n\n<h4 class=\"wp-block-heading\" id=\"tenir-parole\">Tenir parole<\/h4>\n\n\n\n<p>La France doit tenir parole. Nos engagements internationaux sont notre feuille de route commune pour la prochaine l\u00e9gislature. Quel que soit le r\u00e9sultat de l\u2019\u00e9lection pr\u00e9sidentielle, nous devrons toutes et tous contribuer \u00e0 la mise en \u0153uvre des engagements que la France a pris en notre nom.  Il en va de ce que nous incarnons, de ce que nous transmettons \u00e0 nos enfants et petits-enfants.<\/p>\n<\/div>\n<\/div>\n<\/div><\/div>\n","protected":false},"excerpt":{"rendered":"<p>Ensemble \u00e0 l\u2019Assembl\u00e9e nationale Je suis candidate aux \u00e9lections l\u00e9gislatives de juin prochain dans notre circonscription, la 3\u00e8me de Paris. Cette mandature, c&rsquo;est aussi la v\u00f4tre, la n\u00f4tre. \u0152uvrons ensemble \u00e0 b\u00e2tir de nouvelles relations entre les \u00e9lus de la R\u00e9publique et les habitants des 17 et 18\u00e8me arrondissements. Redonnons de la puissance au Parlement&hellip; <a class=\"more-link\" href=\"https:\/\/avecchristine.fr\/\">Poursuivre la lecture <span class=\"screen-reader-text\">Accueil<\/span><\/a><\/p>\n","protected":false},"author":13,"featured_media":0,"parent":0,"menu_order":0,"comment_status":"closed","ping_status":"closed","template":"","meta":{"footnotes":""},"class_list":["post-2","page","type-page","status-publish","hentry","entry"],"yoast_head":"<!-- This site is optimized with the Yoast SEO plugin v27.4 - https:\/\/yoast.com\/product\/yoast-seo-wordpress\/ -->\n<title>Accueil - Avec christine<\/title>\n<meta name=\"description\" content=\"Quitterie de Villepin candidate aux \u00e9lections l\u00e9gislatives 2022 dans la deuxi\u00e8me circonscription de Paris, 5\u00e8me, 6\u00e8me, 7\u00e8me arrondissements\" \/>\n<meta name=\"robots\" content=\"index, follow, max-snippet:-1, max-image-preview:large, max-video-preview:-1\" \/>\n<link rel=\"canonical\" href=\"https:\/\/avecchristine.fr\/\" \/>\n<meta property=\"og:locale\" content=\"fr_FR\" \/>\n<meta property=\"og:type\" content=\"article\" \/>\n<meta property=\"og:title\" content=\"Accueil - Avec christine\" \/>\n<meta property=\"og:description\" content=\"Quitterie de Villepin candidate aux \u00e9lections l\u00e9gislatives 2022 dans la deuxi\u00e8me circonscription de Paris, 5\u00e8me, 6\u00e8me, 7\u00e8me arrondissements\" \/>\n<meta property=\"og:url\" content=\"https:\/\/avecchristine.fr\/\" \/>\n<meta property=\"og:site_name\" content=\"Avec christine\" \/>\n<meta property=\"article:publisher\" content=\"https:\/\/www.facebook.com\/QuitteriedeVillepin\/\" \/>\n<meta property=\"article:modified_time\" content=\"2022-05-31T20:09:59+00:00\" \/>\n<meta property=\"og:image\" content=\"https:\/\/avecchristine.fr\/wp-content\/uploads\/2022\/05\/CM_officiel_HD_IMG_3584-scaled.jpg\" \/>\n<meta name=\"twitter:card\" content=\"summary_large_image\" \/>\n<meta name=\"twitter:site\" content=\"@Quitt3rie\" \/>\n<meta name=\"twitter:label1\" content=\"Dur\u00e9e de lecture estim\u00e9e\" \/>\n\t<meta name=\"twitter:data1\" content=\"3 minutes\" \/>\n<script type=\"application\/ld+json\" class=\"yoast-schema-graph\">{\"@context\":\"https:\\\/\\\/schema.org\",\"@graph\":[{\"@type\":\"WebPage\",\"@id\":\"https:\\\/\\\/avecchristine.fr\\\/\",\"url\":\"https:\\\/\\\/avecchristine.fr\\\/\",\"name\":\"Accueil - Avec christine\",\"isPartOf\":{\"@id\":\"https:\\\/\\\/avecchristine.fr\\\/#website\"},\"primaryImageOfPage\":{\"@id\":\"https:\\\/\\\/avecchristine.fr\\\/#primaryimage\"},\"image\":{\"@id\":\"https:\\\/\\\/avecchristine.fr\\\/#primaryimage\"},\"thumbnailUrl\":\"https:\\\/\\\/avecchristine.fr\\\/wp-content\\\/uploads\\\/2022\\\/05\\\/CM_officiel_HD_IMG_3584-scaled.jpg\",\"datePublished\":\"2021-10-24T20:40:30+00:00\",\"dateModified\":\"2022-05-31T20:09:59+00:00\",\"description\":\"Quitterie de Villepin candidate aux \u00e9lections l\u00e9gislatives 2022 dans la deuxi\u00e8me circonscription de Paris, 5\u00e8me, 6\u00e8me, 7\u00e8me arrondissements\",\"breadcrumb\":{\"@id\":\"https:\\\/\\\/avecchristine.fr\\\/#breadcrumb\"},\"inLanguage\":\"fr-FR\",\"potentialAction\":[{\"@type\":\"ReadAction\",\"target\":[\"https:\\\/\\\/avecchristine.fr\\\/\"]}]},{\"@type\":\"ImageObject\",\"inLanguage\":\"fr-FR\",\"@id\":\"https:\\\/\\\/avecchristine.fr\\\/#primaryimage\",\"url\":\"https:\\\/\\\/avecchristine.fr\\\/wp-content\\\/uploads\\\/2022\\\/05\\\/CM_officiel_HD_IMG_3584-scaled.jpg\",\"contentUrl\":\"https:\\\/\\\/avecchristine.fr\\\/wp-content\\\/uploads\\\/2022\\\/05\\\/CM_officiel_HD_IMG_3584-scaled.jpg\",\"width\":2560,\"height\":1831},{\"@type\":\"BreadcrumbList\",\"@id\":\"https:\\\/\\\/avecchristine.fr\\\/#breadcrumb\",\"itemListElement\":[{\"@type\":\"ListItem\",\"position\":1,\"name\":\"Accueil\",\"item\":\"https:\\\/\\\/avecchristine.fr\\\/\"},{\"@type\":\"ListItem\",\"position\":2,\"name\":\"Accueil\"}]},{\"@type\":\"WebSite\",\"@id\":\"https:\\\/\\\/avecchristine.fr\\\/#website\",\"url\":\"https:\\\/\\\/avecchristine.fr\\\/\",\"name\":\"Avec christine\",\"description\":\"Et si on y allait\",\"potentialAction\":[{\"@type\":\"SearchAction\",\"target\":{\"@type\":\"EntryPoint\",\"urlTemplate\":\"https:\\\/\\\/avecchristine.fr\\\/?s={search_term_string}\"},\"query-input\":{\"@type\":\"PropertyValueSpecification\",\"valueRequired\":true,\"valueName\":\"search_term_string\"}}],\"inLanguage\":\"fr-FR\"}]}<\/script>\n<!-- \/ Yoast SEO plugin. -->","yoast_head_json":{"title":"Accueil - Avec christine","description":"Quitterie de Villepin candidate aux \u00e9lections l\u00e9gislatives 2022 dans la deuxi\u00e8me circonscription de Paris, 5\u00e8me, 6\u00e8me, 7\u00e8me arrondissements","robots":{"index":"index","follow":"follow","max-snippet":"max-snippet:-1","max-image-preview":"max-image-preview:large","max-video-preview":"max-video-preview:-1"},"canonical":"https:\/\/avecchristine.fr\/","og_locale":"fr_FR","og_type":"article","og_title":"Accueil - Avec christine","og_description":"Quitterie de Villepin candidate aux \u00e9lections l\u00e9gislatives 2022 dans la deuxi\u00e8me circonscription de Paris, 5\u00e8me, 6\u00e8me, 7\u00e8me arrondissements","og_url":"https:\/\/avecchristine.fr\/","og_site_name":"Avec christine","article_publisher":"https:\/\/www.facebook.com\/QuitteriedeVillepin\/","article_modified_time":"2022-05-31T20:09:59+00:00","og_image":[{"url":"https:\/\/avecchristine.fr\/wp-content\/uploads\/2022\/05\/CM_officiel_HD_IMG_3584-scaled.jpg","type":"","width":"","height":""}],"twitter_card":"summary_large_image","twitter_site":"@Quitt3rie","twitter_misc":{"Dur\u00e9e de lecture estim\u00e9e":"3 minutes"},"schema":{"@context":"https:\/\/schema.org","@graph":[{"@type":"WebPage","@id":"https:\/\/avecchristine.fr\/","url":"https:\/\/avecchristine.fr\/","name":"Accueil - Avec christine","isPartOf":{"@id":"https:\/\/avecchristine.fr\/#website"},"primaryImageOfPage":{"@id":"https:\/\/avecchristine.fr\/#primaryimage"},"image":{"@id":"https:\/\/avecchristine.fr\/#primaryimage"},"thumbnailUrl":"https:\/\/avecchristine.fr\/wp-content\/uploads\/2022\/05\/CM_officiel_HD_IMG_3584-scaled.jpg","datePublished":"2021-10-24T20:40:30+00:00","dateModified":"2022-05-31T20:09:59+00:00","description":"Quitterie de Villepin candidate aux \u00e9lections l\u00e9gislatives 2022 dans la deuxi\u00e8me circonscription de Paris, 5\u00e8me, 6\u00e8me, 7\u00e8me arrondissements","breadcrumb":{"@id":"https:\/\/avecchristine.fr\/#breadcrumb"},"inLanguage":"fr-FR","potentialAction":[{"@type":"ReadAction","target":["https:\/\/avecchristine.fr\/"]}]},{"@type":"ImageObject","inLanguage":"fr-FR","@id":"https:\/\/avecchristine.fr\/#primaryimage","url":"https:\/\/avecchristine.fr\/wp-content\/uploads\/2022\/05\/CM_officiel_HD_IMG_3584-scaled.jpg","contentUrl":"https:\/\/avecchristine.fr\/wp-content\/uploads\/2022\/05\/CM_officiel_HD_IMG_3584-scaled.jpg","width":2560,"height":1831},{"@type":"BreadcrumbList","@id":"https:\/\/avecchristine.fr\/#breadcrumb","itemListElement":[{"@type":"ListItem","position":1,"name":"Accueil","item":"https:\/\/avecchristine.fr\/"},{"@type":"ListItem","position":2,"name":"Accueil"}]},{"@type":"WebSite","@id":"https:\/\/avecchristine.fr\/#website","url":"https:\/\/avecchristine.fr\/","name":"Avec christine","description":"Et si on y allait","potentialAction":[{"@type":"SearchAction","target":{"@type":"EntryPoint","urlTemplate":"https:\/\/avecchristine.fr\/?s={search_term_string}"},"query-input":{"@type":"PropertyValueSpecification","valueRequired":true,"valueName":"search_term_string"}}],"inLanguage":"fr-FR"}]}},"_links":{"self":[{"href":"https:\/\/avecchristine.fr\/index.php?rest_route=\/wp\/v2\/pages\/2","targetHints":{"allow":["GET"]}}],"collection":[{"href":"https:\/\/avecchristine.fr\/index.php?rest_route=\/wp\/v2\/pages"}],"about":[{"href":"https:\/\/avecchristine.fr\/index.php?rest_route=\/wp\/v2\/types\/page"}],"author":[{"embeddable":true,"href":"https:\/\/avecchristine.fr\/index.php?rest_route=\/wp\/v2\/users\/13"}],"replies":[{"embeddable":true,"href":"https:\/\/avecchristine.fr\/index.php?rest_route=%2Fwp%2Fv2%2Fcomments&post=2"}],"version-history":[{"count":101,"href":"https:\/\/avecchristine.fr\/index.php?rest_route=\/wp\/v2\/pages\/2\/revisions"}],"predecessor-version":[{"id":2456,"href":"https:\/\/avecchristine.fr\/index.php?rest_route=\/wp\/v2\/pages\/2\/revisions\/2456"}],"wp:attachment":[{"href":"https:\/\/avecchristine.fr\/index.php?rest_route=%2Fwp%2Fv2%2Fmedia&parent=2"}],"curies":[{"name":"wp","href":"https:\/\/api.w.org\/{rel}","templated":true}]}}